{"id":489,"date":"2025-03-29T11:27:15","date_gmt":"2025-03-29T10:27:15","guid":{"rendered":"https:\/\/www.wir-zwa.at\/?page_id=489"},"modified":"2025-07-19T19:00:42","modified_gmt":"2025-07-19T17:00:42","slug":"des-moch-ma","status":"publish","type":"page","link":"https:\/\/www.wir-zwa.at\/?page_id=489","title":{"rendered":"Des moch Ma"},"content":{"rendered":"<div class=\"wpb-content-wrapper\"><p>[vc_row][vc_column][vc_column_text css_animation=&#8221;appear&#8221; css=&#8221;&#8221;]<\/p>\n<p style=\"text-align: center;\"><span style=\"color: #000000;\">unser Ziel ist und war es immer zu Unterhalten mit Musik,<br \/>\ndem ein oder anderen Schm\u00e4h aber auch nachdenklich darf es mal sein.<\/span><\/p>\n<p style=\"text-align: center;\"><span style=\"color: #000000;\">Mit unserer Vielseitigkeit und unserem gesanglichem K\u00f6nnen entf\u00fchren wir euch in<br \/>\nunsere Welt <\/span><span style=\"color: #000000;\">und zeigen euch unsere Bunte Welt der Musik.<\/span><\/p>\n<p style=\"text-align: center;\"><span style=\"color: #000000;\">Wir sind nicht nur gemeinsam On Stage nein wir sind auch verheiratet.<br \/>\nDie T\u00fccken und kleinen lustigen Anekdoten<br \/>\nbringen wir ebenfalls ins B\u00fchnenprogramm ein.<\/span><\/p>\n<p style=\"text-align: center;\"><span style=\"color: #000000;\">Wir nehmen uns und auch das Publikum gerne aufs Korn, was der musikalischen Darbietung<br \/>\naber keines Falls schadet.<\/span><\/p>\n<p style=\"text-align: center;\"><span style=\"color: #000000;\">!!! Im Gegenteil !!!<\/span><\/p>\n<p style=\"text-align: center;\"><span style=\"font-size: 18pt; color: #000000;\">&#8212; Lachen ist gesund &#8212;<\/span><\/p>\n<p style=\"text-align: center;\"><span style=\"color: #000000;\">In unserer Show bringen wir alte Hits und neue Songs auf ganz eigene Weise interpretiert,<br \/>\nebenso mit dabei, unsere eigenen Songs, mal witzig spritzig, zum Tr\u00e4umen oder auch mal etwas derb.<\/span><\/p>\n<p style=\"text-align: center;\"><span style=\"color: #000000;\">Wir freuen uns darauf Euch beim n\u00e4chsten Event begr\u00fc\u00dfen zu k\u00f6nnen.<\/span><\/p>\n<p style=\"text-align: right;\"><span style=\"color: #000000;\">Eure Wir Zwa<\/span><\/p>\n<p>[\/vc_column_text][\/vc_column][\/vc_row]<\/p>\n<\/div>","protected":false},"excerpt":{"rendered":"<p>[vc_row][vc_column][vc_column_text css_animation=&#8221;appear&#8221; css=&#8221;&#8221;] unser Ziel ist und war es immer zu Unterhalten mit Musik, dem ein oder anderen Schm\u00e4h aber auch nachdenklich darf es mal sein. Mit unserer Vielseitigkeit und unserem gesanglichem K\u00f6nnen entf\u00fchren wir euch in unsere Welt und zeigen euch unsere Bunte Welt der Musik. Wir sind nicht nur gemeinsam On Stage nein &hellip; <\/p>\n<div class=\"more-link-wrapper\"><a href=\"https:\/\/www.wir-zwa.at\/?page_id=489\" class=\"more-link\">Continue reading<span class=\"screen-reader-text\"> &#8220;Des moch Ma&#8221;<\/span><\/a><\/div>\n","protected":false},"author":1,"featured_media":0,"parent":0,"menu_order":2,"comment_status":"closed","ping_status":"closed","template":"","meta":{"slim_seo":{"title":"Des moch Ma - Wir-Zwa das Deutsch Englische Mundart Duo","description":"[vc_row][vc_column][vc_column_text css_animation=\"appear\" css=\"\"] unser Ziel ist und war es immer zu Unterhalten mit Musik, dem ein oder anderen Schm\u00e4h aber auc"},"footnotes":""},"class_list":["post-489","page","type-page","status-publish","hentry"],"_links":{"self":[{"href":"https:\/\/www.wir-zwa.at\/index.php?rest_route=\/wp\/v2\/pages\/489","targetHints":{"allow":["GET"]}}],"collection":[{"href":"https:\/\/www.wir-zwa.at\/index.php?rest_route=\/wp\/v2\/pages"}],"about":[{"href":"https:\/\/www.wir-zwa.at\/index.php?rest_route=\/wp\/v2\/types\/page"}],"author":[{"embeddable":true,"href":"https:\/\/www.wir-zwa.at\/index.php?rest_route=\/wp\/v2\/users\/1"}],"replies":[{"embeddable":true,"href":"https:\/\/www.wir-zwa.at\/index.php?rest_route=%2Fwp%2Fv2%2Fcomments&post=489"}],"version-history":[{"count":6,"href":"https:\/\/www.wir-zwa.at\/index.php?rest_route=\/wp\/v2\/pages\/489\/revisions"}],"predecessor-version":[{"id":727,"href":"https:\/\/www.wir-zwa.at\/index.php?rest_route=\/wp\/v2\/pages\/489\/revisions\/727"}],"wp:attachment":[{"href":"https:\/\/www.wir-zwa.at\/index.php?rest_route=%2Fwp%2Fv2%2Fmedia&parent=489"}],"curies":[{"name":"wp","href":"https:\/\/api.w.org\/{rel}","templated":true}]}}