{"id":543,"date":"2025-03-29T16:10:57","date_gmt":"2025-03-29T15:10:57","guid":{"rendered":"https:\/\/www.wir-zwa.at\/?page_id=543"},"modified":"2025-07-19T19:15:04","modified_gmt":"2025-07-19T17:15:04","slug":"geschichte-und-entstehung-von-wir-zwa","status":"publish","type":"page","link":"https:\/\/www.wir-zwa.at\/?page_id=543","title":{"rendered":"\u00dcwa Uns"},"content":{"rendered":"<div class=\"wpb-content-wrapper\"><p>[vc_row][vc_column][vc_column_text css_animation=&#8221;appear&#8221; css=&#8221;&#8221;]<\/p>\n<p style=\"text-align: center;\"><span style=\"color: #000000;\"><span style=\"font-size: 14pt;\"><strong>\u00dcwa Uns darf nat\u00fcrlich nicht fehlen, unterhalb gibt`s Infos zu den einzelnen Protagonisten von Wir-Zwa<\/strong><\/span><\/span><\/p>\n<p>[\/vc_column_text][\/vc_column][\/vc_row][vc_row][vc_column][vc_zigzag][\/vc_column][\/vc_row][vc_row][vc_column][vc_separator css_animation=&#8221;appear&#8221; css=&#8221;&#8221;][vc_hoverbox image=&#8221;602&#8243; primary_title=&#8221;Natascha&#8221; primary_title_font_container=&#8221;color:%23D9CFCF&#8221; primary_title_use_theme_fonts=&#8221;yes&#8221; primary_title_css_animation=&#8221;appear&#8221; hover_title=&#8221;&#8221; hover_btn_title=&#8221;Folge mir auf Facebook&#8221; hover_btn_style=&#8221;3d&#8221; hover_btn_color=&#8221;inverse&#8221; hover_btn_size=&#8221;lg&#8221; hover_btn_css_animation=&#8221;appear&#8221; css_animation=&#8221;appear&#8221; use_custom_fonts_primary_title=&#8221;true&#8221; hover_add_button=&#8221;true&#8221; hover_btn_link=&#8221;url:https%3A%2F%2Fwww.facebook.com%2Fnatascha.krojer|target:_blank&#8221;]<\/p>\n<p style=\"text-align: center;\"><span style=\"color: #000000; font-size: 10pt;\">Die Front-Frau bei Wir-Zwa, meine Liebe zur Musik wurde mir in die Wiege gelegt. Den Schritt auf die B\u00fchne wagte ich aber erst mit Marco. Au\u00dferhalb der Musik, besch\u00e4ftige ich mich mit kreativer Handwerkskunst. Ebenfalls zu meiner Leidenschaft geh\u00f6ren\u00a0 Handicap-Tiere die ich gemeinsam mit Marco versorge.<\/span><\/p>\n<p>[\/vc_hoverbox][\/vc_column][\/vc_row][vc_row][vc_column][vc_zigzag css_animation=&#8221;appear&#8221; css=&#8221;.vc_custom_1743264413697{border-radius: 10px !important;}&#8221;][\/vc_column][\/vc_row][vc_row][vc_column][vc_hoverbox image=&#8221;601&#8243; primary_title=&#8221;Marco&#8221; primary_title_font_container=&#8221;color:%23E4DDDD&#8221; primary_title_use_theme_fonts=&#8221;yes&#8221; primary_title_css_animation=&#8221;appear&#8221; hover_title=&#8221;&#8221; hover_btn_title=&#8221;Folge mir auf Facebook&#8221; hover_btn_style=&#8221;3d&#8221; hover_btn_color=&#8221;inverse&#8221; hover_btn_size=&#8221;lg&#8221; hover_btn_css_animation=&#8221;appear&#8221; css_animation=&#8221;appear&#8221; use_custom_fonts_primary_title=&#8221;true&#8221; hover_add_button=&#8221;true&#8221; hover_btn_link=&#8221;url:https%3A%2F%2Fwww.facebook.com%2FKrojer.Marco|target:_blank&#8221;]<\/p>\n<p style=\"text-align: center;\"><span style=\"color: #000000; font-size: 10pt;\">Der Wandlungsf\u00e4hige, ich bin da wo man mich braucht ob hoch oder tief, meine Verbundenheit zur Musik fand seinen Anfang bei der Countrymusik, die ich gemeinsam mit Natascha ausgelebt habe. Ja, auch ich habe die Liebe zu Handicap-Tieren entdeckt, die Liebe und Dankbarkeit die diese Tiere geben, ist unendlich.<\/span><\/p>\n<p>[\/vc_hoverbox][\/vc_column][\/vc_row][vc_row][vc_column][vc_zigzag][\/vc_column][\/vc_row][vc_row][vc_column][vc_hoverbox image=&#8221;641&#8243; primary_title=&#8221;&#8221; hover_title=&#8221;&#8221; hover_btn_title=&#8221;zur Homepage&#8221; hover_btn_style=&#8221;3d&#8221; hover_btn_color=&#8221;inverse&#8221; hover_btn_size=&#8221;lg&#8221; hover_btn_css_animation=&#8221;appear&#8221; css_animation=&#8221;appear&#8221; hover_add_button=&#8221;true&#8221; hover_btn_link=&#8221;url:http%3A%2F%2Fwww.antaresstudios.at|target:_blank&#8221;]<\/p>\n<p style=\"text-align: center;\"><span style=\"color: #000000;\">Das Musikerwohnzimmer schlechthin.<\/span><br \/>\n<span style=\"color: #000000;\">Inhaber David Toifl ist der kreative Kopf hinter Wir-Zwa. Gemeinsam fanden wir vom Country zur Mundart. Es macht einfach Spa\u00df mit ihm zu Arbeiten.<\/span><\/p>\n<p>[\/vc_hoverbox][\/vc_column][\/vc_row][vc_row][vc_column][vc_zigzag css_animation=&#8221;appear&#8221;][\/vc_column][\/vc_row]<\/p>\n<\/div>","protected":false},"excerpt":{"rendered":"<p>[vc_row][vc_column][vc_column_text css_animation=&#8221;appear&#8221; css=&#8221;&#8221;] \u00dcwa Uns darf nat\u00fcrlich nicht fehlen, unterhalb gibt`s Infos zu den einzelnen Protagonisten von Wir-Zwa [\/vc_column_text][\/vc_column][\/vc_row][vc_row][vc_column][vc_zigzag][\/vc_column][\/vc_row][vc_row][vc_column][vc_separator css_animation=&#8221;appear&#8221; css=&#8221;&#8221;][vc_hoverbox image=&#8221;602&#8243; primary_title=&#8221;Natascha&#8221; primary_title_font_container=&#8221;color:%23D9CFCF&#8221; primary_title_use_theme_fonts=&#8221;yes&#8221; primary_title_css_animation=&#8221;appear&#8221; hover_title=&#8221;&#8221; hover_btn_title=&#8221;Folge mir auf Facebook&#8221; hover_btn_style=&#8221;3d&#8221; hover_btn_color=&#8221;inverse&#8221; hover_btn_size=&#8221;lg&#8221; hover_btn_css_animation=&#8221;appear&#8221; css_animation=&#8221;appear&#8221; use_custom_fonts_primary_title=&#8221;true&#8221; hover_add_button=&#8221;true&#8221; hover_btn_link=&#8221;url:https%3A%2F%2Fwww.facebook.com%2Fnatascha.krojer|target:_blank&#8221;] Die Front-Frau bei Wir-Zwa, meine Liebe zur Musik wurde mir in die Wiege gelegt. Den Schritt &hellip; <\/p>\n<div class=\"more-link-wrapper\"><a href=\"https:\/\/www.wir-zwa.at\/?page_id=543\" class=\"more-link\">Continue reading<span class=\"screen-reader-text\"> &#8220;\u00dcwa Uns&#8221;<\/span><\/a><\/div>\n","protected":false},"author":1,"featured_media":0,"parent":0,"menu_order":3,"comment_status":"closed","ping_status":"closed","template":"","meta":{"slim_seo":{"title":"\u00dcwa Uns - Wir-Zwa das Deutsch Englische Mundart Duo","description":"[vc_row][vc_column][vc_column_text css_animation=\"appear\" css=\"\"] \u00dcwa Uns darf nat\u00fcrlich nicht fehlen, unterhalb gibt`s Infos zu den einzelnen Protagonisten von"},"footnotes":""},"class_list":["post-543","page","type-page","status-publish","hentry"],"_links":{"self":[{"href":"https:\/\/www.wir-zwa.at\/index.php?rest_route=\/wp\/v2\/pages\/543","targetHints":{"allow":["GET"]}}],"collection":[{"href":"https:\/\/www.wir-zwa.at\/index.php?rest_route=\/wp\/v2\/pages"}],"about":[{"href":"https:\/\/www.wir-zwa.at\/index.php?rest_route=\/wp\/v2\/types\/page"}],"author":[{"embeddable":true,"href":"https:\/\/www.wir-zwa.at\/index.php?rest_route=\/wp\/v2\/users\/1"}],"replies":[{"embeddable":true,"href":"https:\/\/www.wir-zwa.at\/index.php?rest_route=%2Fwp%2Fv2%2Fcomments&post=543"}],"version-history":[{"count":60,"href":"https:\/\/www.wir-zwa.at\/index.php?rest_route=\/wp\/v2\/pages\/543\/revisions"}],"predecessor-version":[{"id":733,"href":"https:\/\/www.wir-zwa.at\/index.php?rest_route=\/wp\/v2\/pages\/543\/revisions\/733"}],"wp:attachment":[{"href":"https:\/\/www.wir-zwa.at\/index.php?rest_route=%2Fwp%2Fv2%2Fmedia&parent=543"}],"curies":[{"name":"wp","href":"https:\/\/api.w.org\/{rel}","templated":true}]}}