{"id":112,"date":"2025-03-05T18:01:26","date_gmt":"2025-03-05T17:01:26","guid":{"rendered":"https:\/\/www.wir-zwa.at\/?post_type=product&#038;p=112"},"modified":"2025-04-06T19:01:00","modified_gmt":"2025-04-06T17:01:00","slug":"112","status":"publish","type":"product","link":"https:\/\/www.wir-zwa.at\/?product=112","title":{"rendered":"Single Cd wieder leben"},"content":{"rendered":"<p style=\"text-align: center;\"><span style=\"color: #000000;\">Es ist vollbracht unter dem neuen Namen WIR-ZWA sind Natascha und Marco fortan unterwegs, p\u00fcnktlich zu diesem Erfolg kam 2024 die erste Single Cd unter neuem Namen\u00a0 auf den Markt, mit\u00a0 den Titeln\u00a0 <strong><em>wieder leben, wir-zwa und echte Wiener<\/em><\/strong> Feiern die beiden Ihr B\u00fchnen Deb\u00fct<br \/>\n<\/span><span style=\"color: #000000; font-size: 1.1em;\">das Album ist f\u00fcr 2025 geplant.<\/span><\/p>\n<audio class=\"wp-audio-shortcode\" id=\"audio-112-1\" preload=\"none\" style=\"width: 100%;\" controls=\"controls\"><source type=\"audio\/mpeg\" src=\"https:\/\/www.wir-zwa.at\/wp-content\/uploads\/Wir-Zwa-Medley.mp3?_=1\" \/><a href=\"https:\/\/www.wir-zwa.at\/wp-content\/uploads\/Wir-Zwa-Medley.mp3\">https:\/\/www.wir-zwa.at\/wp-content\/uploads\/Wir-Zwa-Medley.mp3<\/a><\/audio>\n<p>&nbsp;<\/p>\n","protected":false},"excerpt":{"rendered":"<p>Es ist vollbracht unter dem neuen Namen WIR-ZWA sind Natascha und Marco fortan unterwegs, p\u00fcnktlich zu diesem Erfolg kam 2024 die erste Single Cd unter neuem Namen\u00a0 auf den Markt, mit\u00a0 den Titeln\u00a0 wieder leben, wir-zwa und echte Wiener Feiern die beiden Ihr B\u00fchnen Deb\u00fct das Album ist f\u00fcr 2025 geplant. &nbsp;<\/p>\n","protected":false},"featured_media":115,"comment_status":"open","ping_status":"closed","template":"","meta":{"slim_seo":{"title":"Single Cd wieder leben - Wir-Zwa das Deutsch Englische Mundart Duo","description":"Es ist vollbracht unter dem neuen Namen WIR-ZWA sind Natascha und Marco fortan unterwegs, p\u00fcnktlich zu diesem Erfolg kam 2024 die erste Single Cd unter neuem Na"}},"product_brand":[],"product_cat":[16],"product_tag":[],"class_list":{"0":"post-112","1":"product","2":"type-product","3":"status-publish","4":"has-post-thumbnail","6":"product_cat-allgemein","8":"first","9":"instock","10":"taxable","11":"shipping-taxable","12":"purchasable","13":"product-type-simple"},"_links":{"self":[{"href":"https:\/\/www.wir-zwa.at\/index.php?rest_route=\/wp\/v2\/product\/112","targetHints":{"allow":["GET"]}}],"collection":[{"href":"https:\/\/www.wir-zwa.at\/index.php?rest_route=\/wp\/v2\/product"}],"about":[{"href":"https:\/\/www.wir-zwa.at\/index.php?rest_route=\/wp\/v2\/types\/product"}],"replies":[{"embeddable":true,"href":"https:\/\/www.wir-zwa.at\/index.php?rest_route=%2Fwp%2Fv2%2Fcomments&post=112"}],"wp:featuredmedia":[{"embeddable":true,"href":"https:\/\/www.wir-zwa.at\/index.php?rest_route=\/wp\/v2\/media\/115"}],"wp:attachment":[{"href":"https:\/\/www.wir-zwa.at\/index.php?rest_route=%2Fwp%2Fv2%2Fmedia&parent=112"}],"wp:term":[{"taxonomy":"product_brand","embeddable":true,"href":"https:\/\/www.wir-zwa.at\/index.php?rest_route=%2Fwp%2Fv2%2Fproduct_brand&post=112"},{"taxonomy":"product_cat","embeddable":true,"href":"https:\/\/www.wir-zwa.at\/index.php?rest_route=%2Fwp%2Fv2%2Fproduct_cat&post=112"},{"taxonomy":"product_tag","embeddable":true,"href":"https:\/\/www.wir-zwa.at\/index.php?rest_route=%2Fwp%2Fv2%2Fproduct_tag&post=112"}],"curies":[{"name":"wp","href":"https:\/\/api.w.org\/{rel}","templated":true}]}}