{"id":707,"date":"2025-04-01T20:20:30","date_gmt":"2025-04-01T18:20:30","guid":{"rendered":"https:\/\/www.wir-zwa.at\/?post_type=product&#038;p=707"},"modified":"2025-04-01T20:20:56","modified_gmt":"2025-04-01T18:20:56","slug":"wir-zwa-2","status":"publish","type":"product","link":"https:\/\/www.wir-zwa.at\/?product=wir-zwa-2","title":{"rendered":"Wir-Zwa Schl\u00fcsselanh\u00e4nger"},"content":{"rendered":"<p><span style=\"color: #000000;\">der Wir-Zwa Schl\u00fcsselanh\u00e4nger ist ein nettes Geschenk f\u00fcr Fans.<\/span><\/p>\n<p>.<\/p>\n","protected":false},"excerpt":{"rendered":"<p>der Wir-Zwa Schl\u00fcsselanh\u00e4nger ist ein nettes Geschenk f\u00fcr Fans. .<\/p>\n","protected":false},"featured_media":714,"comment_status":"closed","ping_status":"closed","template":"","meta":{"slim_seo":{"title":"Wir-Zwa Schl\u00fcsselanh\u00e4nger - Wir-Zwa das Deutsch Englische Mundart Duo","description":"der Wir-Zwa Schl\u00fcsselanh\u00e4nger ist ein nettes Geschenk f\u00fcr Fans. ."}},"product_brand":[],"product_cat":[16],"product_tag":[],"class_list":{"0":"post-707","1":"product","2":"type-product","3":"status-publish","4":"has-post-thumbnail","6":"product_cat-allgemein","8":"first","9":"instock","10":"taxable","11":"shipping-taxable","12":"purchasable","13":"product-type-simple"},"_links":{"self":[{"href":"https:\/\/www.wir-zwa.at\/index.php?rest_route=\/wp\/v2\/product\/707","targetHints":{"allow":["GET"]}}],"collection":[{"href":"https:\/\/www.wir-zwa.at\/index.php?rest_route=\/wp\/v2\/product"}],"about":[{"href":"https:\/\/www.wir-zwa.at\/index.php?rest_route=\/wp\/v2\/types\/product"}],"replies":[{"embeddable":true,"href":"https:\/\/www.wir-zwa.at\/index.php?rest_route=%2Fwp%2Fv2%2Fcomments&post=707"}],"wp:featuredmedia":[{"embeddable":true,"href":"https:\/\/www.wir-zwa.at\/index.php?rest_route=\/wp\/v2\/media\/714"}],"wp:attachment":[{"href":"https:\/\/www.wir-zwa.at\/index.php?rest_route=%2Fwp%2Fv2%2Fmedia&parent=707"}],"wp:term":[{"taxonomy":"product_brand","embeddable":true,"href":"https:\/\/www.wir-zwa.at\/index.php?rest_route=%2Fwp%2Fv2%2Fproduct_brand&post=707"},{"taxonomy":"product_cat","embeddable":true,"href":"https:\/\/www.wir-zwa.at\/index.php?rest_route=%2Fwp%2Fv2%2Fproduct_cat&post=707"},{"taxonomy":"product_tag","embeddable":true,"href":"https:\/\/www.wir-zwa.at\/index.php?rest_route=%2Fwp%2Fv2%2Fproduct_tag&post=707"}],"curies":[{"name":"wp","href":"https:\/\/api.w.org\/{rel}","templated":true}]}}